{"id":34,"date":"2024-12-09T10:09:48","date_gmt":"2024-12-09T09:09:48","guid":{"rendered":"https:\/\/vincentdepaulath.eu\/?page_id=34"},"modified":"2025-12-24T15:10:17","modified_gmt":"2025-12-24T14:10:17","slug":"faire-un-don","status":"publish","type":"page","link":"https:\/\/vincentdepaulath.eu\/index.php\/faire-un-don\/","title":{"rendered":"Faire un don"},"content":{"rendered":"<p>Notre Conf\u00e9rence de Saint Vincent de Paul, conf\u00e9rence Saint-Andr\u00e9 \u00e0 Ath-Brugelette-Chi\u00e8vres est une ASBL qui travaille en collaboration avec Vincent de Paul Belgique.<\/p>\n<p>Nous avons des charges importantes avec le fonctionnement de nos b\u00e2timents (\u00e9nergie, assurances, charges, entretien et travaux), de nos v\u00e9hicules, de notre mat\u00e9riel et pour l&#8217;accueil des b\u00e9n\u00e9ficiaires et de toutes les personnes dans le besoin.<\/p>\n<p>Nos activit\u00e9s sont possibles gr\u00e2ce \u00e0 vos dons, qu&#8217;ils soient petits ou plus importants, chacun selon ses possibilit\u00e9s.<\/p>\n<p>Pour nous soutenir vous pouvez soit:<\/p>\n<ul>\n<li>Faire un don \u00e0 <strong>Vincent de Paul Belgique<\/strong> avec d\u00e9duction fiscale (30% d\u00e9ductible avec un minimum de 40 \u20ac &#8211; en 2025-2026)<\/li>\n<\/ul>\n<p><a href=\"https:\/\/vincentdepaul.koalect.com\/fr-FR\/p\/je-fais-un-don-13199\/step-1\"><img decoding=\"async\" class=\"size-full wp-image-5738 aligncenter\" src=\"https:\/\/www.vincentdepaulath.eu\/wp-content\/uploads\/2024\/12\/FAIRE_UN_DON.png\" alt=\"\" width=\"176\" height=\"49\" \/><\/a><\/p>\n<h4>\u00a0 \u00a0 \u00a0 \u00a0 \u00a0 \u00a0 \u00a0 Vincent de Paul Belgique, Avenue Herrmann Debroux 54,\u00a0 1160 Bruxelles<br \/>\nCompte : BE02 3100 3593 3940<br \/>\nCommunication : Pour SVP063 Ath<\/h4>\n<ul>\n<li>Faire un virement en direct vers notre num\u00e9ro de compte Belfius : <strong>BE12 7785 9473 9892<\/strong> (pas de d\u00e9duction fiscale)<\/li>\n<\/ul>\n","protected":false},"excerpt":{"rendered":"<p>Notre Conf\u00e9rence de Saint Vincent de Paul, conf\u00e9rence Saint-Andr\u00e9 \u00e0  [&#8230;]<\/p>\n","protected":false},"author":1,"featured_media":0,"parent":0,"menu_order":0,"comment_status":"closed","ping_status":"closed","template":"100-width.php","meta":{"footnotes":""},"class_list":["post-34","page","type-page","status-publish","hentry"],"_links":{"self":[{"href":"https:\/\/vincentdepaulath.eu\/index.php\/wp-json\/wp\/v2\/pages\/34","targetHints":{"allow":["GET"]}}],"collection":[{"href":"https:\/\/vincentdepaulath.eu\/index.php\/wp-json\/wp\/v2\/pages"}],"about":[{"href":"https:\/\/vincentdepaulath.eu\/index.php\/wp-json\/wp\/v2\/types\/page"}],"author":[{"embeddable":true,"href":"https:\/\/vincentdepaulath.eu\/index.php\/wp-json\/wp\/v2\/users\/1"}],"replies":[{"embeddable":true,"href":"https:\/\/vincentdepaulath.eu\/index.php\/wp-json\/wp\/v2\/comments?post=34"}],"version-history":[{"count":7,"href":"https:\/\/vincentdepaulath.eu\/index.php\/wp-json\/wp\/v2\/pages\/34\/revisions"}],"predecessor-version":[{"id":185,"href":"https:\/\/vincentdepaulath.eu\/index.php\/wp-json\/wp\/v2\/pages\/34\/revisions\/185"}],"wp:attachment":[{"href":"https:\/\/vincentdepaulath.eu\/index.php\/wp-json\/wp\/v2\/media?parent=34"}],"curies":[{"name":"wp","href":"https:\/\/api.w.org\/{rel}","templated":true}]}}