{"id":26,"date":"2024-11-25T21:52:17","date_gmt":"2024-11-25T20:52:17","guid":{"rendered":"https:\/\/vincentdepaulath.eu\/?page_id=26"},"modified":"2026-03-13T10:08:03","modified_gmt":"2026-03-13T09:08:03","slug":"contact","status":"publish","type":"page","link":"https:\/\/vincentdepaulath.eu\/index.php\/contact\/","title":{"rendered":"Contact"},"content":{"rendered":"<h4>Soci\u00e9t\u00e9 Saint Vincent de Paul, conf\u00e9rence Saint-Andr\u00e9 ASBL<br \/>\nRue des Tailleurs de Pierre 9<br \/>\n7810 Maffle<\/h4>\n<p>ASBL n\u00b0 BE 0862 157 081<br \/>\nT\u00e9l\u00e9phone : 068 28 37 09<br \/>\nGSM\u00a0 \u00a0 \u00a0 \u00a0 \u00a0 \u00a0: 0470 555 387\u00a0 (Andr\u00e9)<br \/>\nE-Mail:\u00a0 svp063@vincentdepaul.be<\/p>\n<h3>Gestion des dossiers:<\/h3>\n<p>Le mercredi apr\u00e8s-midi de 14h30 \u00e0 16h<\/p>\n<h3>Aide administrative:<\/h3>\n<p>Sur rendez-vous, le mercredi apr\u00e8s-midi de 14h30 \u00e0 16h<\/p>\n<h3>Dons mat\u00e9riels:<\/h3>\n<p>A Maffle uniquement : nous sommes pr\u00e9sents chaque matin de 8h30 \u00e0 11h (en g\u00e9n\u00e9ral)<br \/>\nVeuillez nous t\u00e9l\u00e9phoner ou nous envoyer un email pour confirmation.<\/p>\n<p><img decoding=\"async\" class=\"alignnone wp-image-27\" src=\"http:\/\/vincentdepaulath.eu\/wp-content\/uploads\/2024\/11\/Logo_Facebook.jpg\" alt=\"\" width=\"44\" height=\"41\" srcset=\"https:\/\/vincentdepaulath.eu\/wp-content\/uploads\/2024\/11\/Logo_Facebook-200x188.jpg 200w, https:\/\/vincentdepaulath.eu\/wp-content\/uploads\/2024\/11\/Logo_Facebook.jpg 204w\" sizes=\"(max-width: 44px) 100vw, 44px\" \/> Saint-Vincent de Paul, conf\u00e9rence Saint-Andr\u00e9<\/p>\n<p><img decoding=\"async\" class=\"alignnone wp-image-28\" src=\"http:\/\/vincentdepaulath.eu\/wp-content\/uploads\/2024\/11\/Logo_Instagram_grand.jpg\" alt=\"\" width=\"50\" height=\"50\" srcset=\"https:\/\/vincentdepaulath.eu\/wp-content\/uploads\/2024\/11\/Logo_Instagram_grand-66x66.jpg 66w, https:\/\/vincentdepaulath.eu\/wp-content\/uploads\/2024\/11\/Logo_Instagram_grand-150x150.jpg 150w, https:\/\/vincentdepaulath.eu\/wp-content\/uploads\/2024\/11\/Logo_Instagram_grand-200x200.jpg 200w, https:\/\/vincentdepaulath.eu\/wp-content\/uploads\/2024\/11\/Logo_Instagram_grand-300x300.jpg 300w, https:\/\/vincentdepaulath.eu\/wp-content\/uploads\/2024\/11\/Logo_Instagram_grand-400x400.jpg 400w, https:\/\/vincentdepaulath.eu\/wp-content\/uploads\/2024\/11\/Logo_Instagram_grand-600x600.jpg 600w, https:\/\/vincentdepaulath.eu\/wp-content\/uploads\/2024\/11\/Logo_Instagram_grand.jpg 626w\" sizes=\"(max-width: 50px) 100vw, 50px\" \/>boutique_unique_ath<\/p>\n<p>&nbsp;<\/p>\n","protected":false},"excerpt":{"rendered":"<p>Soci\u00e9t\u00e9 Saint Vincent de Paul, conf\u00e9rence Saint-Andr\u00e9 ASBL Rue des  [&#8230;]<\/p>\n","protected":false},"author":1,"featured_media":0,"parent":0,"menu_order":0,"comment_status":"closed","ping_status":"closed","template":"100-width.php","meta":{"footnotes":""},"class_list":["post-26","page","type-page","status-publish","hentry"],"_links":{"self":[{"href":"https:\/\/vincentdepaulath.eu\/index.php\/wp-json\/wp\/v2\/pages\/26","targetHints":{"allow":["GET"]}}],"collection":[{"href":"https:\/\/vincentdepaulath.eu\/index.php\/wp-json\/wp\/v2\/pages"}],"about":[{"href":"https:\/\/vincentdepaulath.eu\/index.php\/wp-json\/wp\/v2\/types\/page"}],"author":[{"embeddable":true,"href":"https:\/\/vincentdepaulath.eu\/index.php\/wp-json\/wp\/v2\/users\/1"}],"replies":[{"embeddable":true,"href":"https:\/\/vincentdepaulath.eu\/index.php\/wp-json\/wp\/v2\/comments?post=26"}],"version-history":[{"count":7,"href":"https:\/\/vincentdepaulath.eu\/index.php\/wp-json\/wp\/v2\/pages\/26\/revisions"}],"predecessor-version":[{"id":80,"href":"https:\/\/vincentdepaulath.eu\/index.php\/wp-json\/wp\/v2\/pages\/26\/revisions\/80"}],"wp:attachment":[{"href":"https:\/\/vincentdepaulath.eu\/index.php\/wp-json\/wp\/v2\/media?parent=26"}],"curies":[{"name":"wp","href":"https:\/\/api.w.org\/{rel}","templated":true}]}}