{"id":10,"date":"2024-11-20T12:24:06","date_gmt":"2024-11-20T11:24:06","guid":{"rendered":"https:\/\/vincentdepaulath.eu\/?page_id=10"},"modified":"2026-03-13T18:10:31","modified_gmt":"2026-03-13T17:10:31","slug":"accueil-de-test","status":"publish","type":"page","link":"https:\/\/vincentdepaulath.eu\/","title":{"rendered":"Accueil"},"content":{"rendered":"<p><div class=\"fusion-fullwidth fullwidth-box fusion-builder-row-1 fusion-flex-container has-pattern-background has-mask-background nonhundred-percent-fullwidth non-hundred-percent-height-scrolling\" style=\"--awb-border-style:dashed;--awb-border-radius-top-left:0px;--awb-border-radius-top-right:0px;--awb-border-radius-bottom-right:0px;--awb-border-radius-bottom-left:0px;--awb-flex-wrap:wrap;\" ><div class=\"fusion-builder-row fusion-row fusion-flex-align-items-flex-start fusion-flex-content-wrap\" style=\"max-width:1331.2px;margin-left: calc(-4% \/ 2 );margin-right: calc(-4% \/ 2 );\"><div class=\"fusion-layout-column fusion_builder_column fusion-builder-column-0 fusion_builder_column_1_1 1_1 fusion-flex-column\" style=\"--awb-bg-size:cover;--awb-border-color:#3f97ce;--awb-border-style:solid;--awb-width-large:100%;--awb-margin-top-large:0px;--awb-spacing-right-large:1.92%;--awb-margin-bottom-large:20px;--awb-spacing-left-large:1.92%;--awb-width-medium:100%;--awb-order-medium:0;--awb-spacing-right-medium:1.92%;--awb-spacing-left-medium:1.92%;--awb-width-small:100%;--awb-order-small:0;--awb-spacing-right-small:1.92%;--awb-spacing-left-small:1.92%;\" data-scroll-devices=\"small-visibility,medium-visibility,large-visibility\"><div class=\"fusion-column-wrapper fusion-column-has-shadow fusion-flex-justify-content-flex-start fusion-content-layout-column\"><div class=\"fusion-image-element \" style=\"--awb-caption-title-font-family:var(--h2_typography-font-family);--awb-caption-title-font-weight:var(--h2_typography-font-weight);--awb-caption-title-font-style:var(--h2_typography-font-style);--awb-caption-title-size:var(--h2_typography-font-size);--awb-caption-title-transform:var(--h2_typography-text-transform);--awb-caption-title-line-height:var(--h2_typography-line-height);--awb-caption-title-letter-spacing:var(--h2_typography-letter-spacing);\"><span class=\" fusion-imageframe imageframe-none imageframe-1 hover-type-none\"><img decoding=\"async\" width=\"1640\" height=\"924\" title=\"FB Cover SSVPCSA-ABC\" src=\"http:\/\/vincentdepaulath.eu\/wp-content\/uploads\/2024\/11\/FB-Cover-SSVPCSA-ABC.jpg\" alt class=\"img-responsive wp-image-11\" srcset=\"https:\/\/vincentdepaulath.eu\/wp-content\/uploads\/2024\/11\/FB-Cover-SSVPCSA-ABC-200x113.jpg 200w, https:\/\/vincentdepaulath.eu\/wp-content\/uploads\/2024\/11\/FB-Cover-SSVPCSA-ABC-400x225.jpg 400w, https:\/\/vincentdepaulath.eu\/wp-content\/uploads\/2024\/11\/FB-Cover-SSVPCSA-ABC-600x338.jpg 600w, https:\/\/vincentdepaulath.eu\/wp-content\/uploads\/2024\/11\/FB-Cover-SSVPCSA-ABC-800x451.jpg 800w, https:\/\/vincentdepaulath.eu\/wp-content\/uploads\/2024\/11\/FB-Cover-SSVPCSA-ABC-1200x676.jpg 1200w, https:\/\/vincentdepaulath.eu\/wp-content\/uploads\/2024\/11\/FB-Cover-SSVPCSA-ABC.jpg 1640w\" sizes=\"(max-width: 640px) 100vw, 1640px\" \/><\/span><\/div><div class=\"fusion-text fusion-text-1\"><p><img decoding=\"async\" class=\"size-full wp-image-151 aligncenter\" src=\"http:\/\/vincentdepaulath.eu\/wp-content\/uploads\/2025\/08\/202408_Image_Flyer_simple_Boutique.jpg\" alt=\"Flyer_Infos_Boutique\" width=\"407\" height=\"573\" srcset=\"https:\/\/vincentdepaulath.eu\/wp-content\/uploads\/2025\/08\/202408_Image_Flyer_simple_Boutique-200x282.jpg 200w, https:\/\/vincentdepaulath.eu\/wp-content\/uploads\/2025\/08\/202408_Image_Flyer_simple_Boutique-213x300.jpg 213w, https:\/\/vincentdepaulath.eu\/wp-content\/uploads\/2025\/08\/202408_Image_Flyer_simple_Boutique-400x563.jpg 400w, https:\/\/vincentdepaulath.eu\/wp-content\/uploads\/2025\/08\/202408_Image_Flyer_simple_Boutique.jpg 407w\" sizes=\"(max-width: 407px) 100vw, 407px\" \/><\/p>\n<h3><span style=\"color: #993366;\">AVIS : Notre Boutique est ferm\u00e9e samedi 14 mars 2026, nos b\u00e9n\u00e9voles sont en formation.<\/span><\/h3>\n<h3>Nous contacter :<\/h3>\n<p>T\u00e9l\u00e9phone Bureau: 068 28 37 09<br \/>\nGSM : 0470 555 387\u00a0 (Andr\u00e9)<br \/>\nMail : svp063@vincentdepaul.be<br \/>\nFacebook : Saint-Vincent de Paul, conf\u00e9rence Saint-Andr\u00e9<br \/>\nInstragram : boutique_unique_ath<\/p>\n<h3>R\u00e9ception des dons mat\u00e9riels:<\/h3>\n<p>Nous sommes int\u00e9ress\u00e9s par vos dons de v\u00eatements, chaussures, jeux, jouets, \u00e9lectrom\u00e9nagers en bon \u00e9tat.<br \/>\nNous acceptons des petits meubles et des lits (sommiers, matelas) &#8211; contactez-nous avant.<\/p>\n<h4>\u00a0 \u00a0 \u00a0 Veuillez apporter vos dons \u00e0 Maffle uniquement (pas \u00e0 la Boutique d&#8217;Ath)\u00a0 \u00a0&#8211; &#8211; &#8211;\u00a0 Merci beaucoup !<\/h4>\n<\/div><div class=\"fusion-text fusion-text-2\" style=\"--awb-text-color:var(--awb-color5);\"><h3 style=\"text-align: center;\">Participez avec nous :<a href=\"https:\/\/vincentdepaulath.eu\/index.php\/faire-un-don\/\"><img decoding=\"async\" class=\"alignnone size-full wp-image-44 aligncenter\" src=\"http:\/\/vincentdepaulath.eu\/wp-content\/uploads\/2024\/12\/Faire_un_don_fond_bleu.jpg\" alt=\"\" width=\"176\" height=\"49\" \/><\/a><\/h3>\n<\/div><\/div><\/div><\/div><\/div><div class=\"fusion-fullwidth fullwidth-box fusion-builder-row-2 fusion-flex-container has-pattern-background has-mask-background nonhundred-percent-fullwidth non-hundred-percent-height-scrolling\" style=\"--awb-border-color:#000000;--awb-border-radius-top-left:0px;--awb-border-radius-top-right:0px;--awb-border-radius-bottom-right:0px;--awb-border-radius-bottom-left:0px;--awb-flex-wrap:wrap;\" ><div class=\"fusion-builder-row fusion-row fusion-flex-align-items-flex-start fusion-flex-content-wrap\" style=\"max-width:1331.2px;margin-left: calc(-4% \/ 2 );margin-right: calc(-4% \/ 2 );\"><div class=\"fusion-layout-column fusion_builder_column fusion-builder-column-1 fusion_builder_column_1_3 1_3 fusion-flex-column\" style=\"--awb-bg-size:cover;--awb-border-color:#000000;--awb-border-style:solid;--awb-width-large:33.333333333333%;--awb-margin-top-large:0px;--awb-spacing-right-large:5.76%;--awb-margin-bottom-large:20px;--awb-spacing-left-large:5.76%;--awb-width-medium:33.333333333333%;--awb-order-medium:0;--awb-spacing-right-medium:5.76%;--awb-spacing-left-medium:5.76%;--awb-width-small:100%;--awb-order-small:0;--awb-spacing-right-small:1.92%;--awb-spacing-left-small:1.92%;\" data-scroll-devices=\"small-visibility,medium-visibility,large-visibility\"><div class=\"fusion-column-wrapper fusion-column-has-shadow fusion-flex-justify-content-flex-start fusion-content-layout-column\"><div class=\"fusion-text fusion-text-3\"><h2>Prochains \u00e9v\u00e9nements<\/h2>\n<\/div><div class=\"fusion-events-shortcode fusion-events-shortcode-1 fusion-events-pagination-pagination\"><div class=\"fusion-events-wrapper\" data-pages=\"1\"><div class=\"fusion-events-post fusion-spacing-yes fusion-full-one fusion-layout-column fusion-column-last\" style=\"margin-bottom:4%;\"><div class=\"fusion-column-wrapper\"><div class=\"fusion-events-thumbnail hover-type-none\"><a href=\"https:\/\/vincentdepaulath.eu\/index.php\/event\/notre-repas-annuel-de-soutien\/\" class=\"url\" rel=\"bookmark\" aria-label=\"Notre repas annuel de soutien\"><img decoding=\"async\" width=\"913\" height=\"672\" src=\"https:\/\/vincentdepaulath.eu\/wp-content\/uploads\/2026\/03\/20261003_Entete_Affiche_repas_PREL.jpg\" class=\"attachment-full size-full wp-post-image\" alt=\"\" srcset=\"https:\/\/vincentdepaulath.eu\/wp-content\/uploads\/2026\/03\/20261003_Entete_Affiche_repas_PREL-200x147.jpg 200w, https:\/\/vincentdepaulath.eu\/wp-content\/uploads\/2026\/03\/20261003_Entete_Affiche_repas_PREL-400x294.jpg 400w, https:\/\/vincentdepaulath.eu\/wp-content\/uploads\/2026\/03\/20261003_Entete_Affiche_repas_PREL-600x442.jpg 600w, https:\/\/vincentdepaulath.eu\/wp-content\/uploads\/2026\/03\/20261003_Entete_Affiche_repas_PREL-800x589.jpg 800w, https:\/\/vincentdepaulath.eu\/wp-content\/uploads\/2026\/03\/20261003_Entete_Affiche_repas_PREL.jpg 913w\" sizes=\"(min-width: 2200px) 100vw, (min-width: 640px) 1280px, \" \/><\/a><\/div><div class=\"fusion-events-content-wrapper\" style=\"padding:20px 20px 20px 20px;\"><div class=\"fusion-events-meta\"><h2><a href=\"https:\/\/vincentdepaulath.eu\/index.php\/event\/notre-repas-annuel-de-soutien\/\" class=\"url\" rel=\"bookmark\">Notre repas annuel de soutien<\/a><\/h2><h4><span class=\"tribe-event-date-start\">3 October \u00e0  17h00<\/span> - <span class=\"tribe-event-time\">23h30<\/span><\/h4><\/div><\/div><\/div><\/div><div class=\"fusion-clearfix\"><\/div><div class=\"fusion-clearfix\"><\/div><\/div><\/div><\/div><\/div><div class=\"fusion-layout-column fusion_builder_column fusion-builder-column-2 fusion_builder_column_2_3 2_3 fusion-flex-column\" style=\"--awb-bg-size:cover;--awb-width-large:66.666666666667%;--awb-margin-top-large:0px;--awb-spacing-right-large:2.88%;--awb-margin-bottom-large:20px;--awb-spacing-left-large:2.88%;--awb-width-medium:66.666666666667%;--awb-order-medium:0;--awb-spacing-right-medium:2.88%;--awb-spacing-left-medium:2.88%;--awb-width-small:100%;--awb-order-small:0;--awb-spacing-right-small:1.92%;--awb-spacing-left-small:1.92%;\"><div class=\"fusion-column-wrapper fusion-column-has-shadow fusion-flex-justify-content-flex-start fusion-content-layout-column\"><div class=\"fusion-recent-posts fusion-recent-posts-1 avada-container layout-default layout-columns-3\"><section class=\"fusion-columns columns fusion-columns-3 columns-3\"><article class=\"post fusion-column column col col-lg-4 col-md-4 col-sm-4\"><div class=\"fusion-flexslider fusion-flexslider-loading flexslider flexslider-hover-type-none\"><ul class=\"slides\"><li><a href=\"https:\/\/vincentdepaulath.eu\/index.php\/2025\/06\/03\/campagne-colruyt-pour-les-banques-alimentaires\/\" aria-label=\"Campagne Colruyt pour les banques alimentaires\" class=\"hover-type-none\"><img decoding=\"async\" width=\"700\" height=\"441\" src=\"https:\/\/vincentdepaulath.eu\/wp-content\/uploads\/2025\/06\/2025_Affiche_Campagne_Colruyt_code-barres_r-700x441.jpg\" class=\"attachment-recent-posts size-recent-posts\" alt=\"\" srcset=\"https:\/\/vincentdepaulath.eu\/wp-content\/uploads\/2025\/06\/2025_Affiche_Campagne_Colruyt_code-barres_r-320x202.jpg 320w, https:\/\/vincentdepaulath.eu\/wp-content\/uploads\/2025\/06\/2025_Affiche_Campagne_Colruyt_code-barres_r-700x441.jpg 700w\" sizes=\"(max-width: 700px) 100vw, 700px\" \/><\/a><\/li><\/ul><\/div><div class=\"recent-posts-content\"><span class=\"vcard\" style=\"display: none;\"><span class=\"fn\"><a href=\"https:\/\/vincentdepaulath.eu\/index.php\/author\/admin1\/\" title=\"Posts by admin1\" rel=\"author\">admin1<\/a><\/span><\/span><span class=\"updated\" style=\"display:none;\">2025-06-03T09:46:09+02:00<\/span><h4 class=\"entry-title\"><a href=\"https:\/\/vincentdepaulath.eu\/index.php\/2025\/06\/03\/campagne-colruyt-pour-les-banques-alimentaires\/\">Campagne Colruyt pour les banques alimentaires<\/a><\/h4><p class=\"meta\"><span class=\"vcard\" style=\"display: none;\"><span class=\"fn\"><a href=\"https:\/\/vincentdepaulath.eu\/index.php\/author\/admin1\/\" title=\"Posts by admin1\" rel=\"author\">admin1<\/a><\/span><\/span><span class=\"updated\" style=\"display:none;\">2025-06-03T09:46:09+02:00<\/span><span>3 June, 2025<\/span><span class=\"fusion-inline-sep\">|<\/span><span class=\"fusion-comments\"><span>Comments Off<span class=\"screen-reader-text\"> on Campagne Colruyt pour les banques alimentaires<\/span><\/span><\/span><\/p><p>Faire un don par QR-code (smartphone, tablette) (\u00e0 la maison) * * Info pour les volontaires action Colruyt 2025 * * \u00a0<\/p><\/div><\/article><article class=\"post fusion-column column col col-lg-4 col-md-4 col-sm-4\"><div class=\"fusion-flexslider fusion-flexslider-loading flexslider flexslider-hover-type-none\"><ul class=\"slides\"><li><a href=\"https:\/\/vincentdepaulath.eu\/index.php\/2025\/01\/09\/operation-noel-merci\/\" aria-label=\"&#8220;Op\u00e9ration No\u00ebl&#8221; &#8211; MERCI\" class=\"hover-type-none\"><img decoding=\"async\" width=\"563\" height=\"349\" src=\"https:\/\/vincentdepaulath.eu\/wp-content\/uploads\/2025\/01\/20181201_Operation_Noel_entete.png\" class=\"attachment-recent-posts size-recent-posts\" alt=\"\" srcset=\"https:\/\/vincentdepaulath.eu\/wp-content\/uploads\/2025\/01\/20181201_Operation_Noel_entete-200x124.png 200w, https:\/\/vincentdepaulath.eu\/wp-content\/uploads\/2025\/01\/20181201_Operation_Noel_entete-300x186.png 300w, https:\/\/vincentdepaulath.eu\/wp-content\/uploads\/2025\/01\/20181201_Operation_Noel_entete-400x248.png 400w, https:\/\/vincentdepaulath.eu\/wp-content\/uploads\/2025\/01\/20181201_Operation_Noel_entete.png 563w\" sizes=\"(max-width: 563px) 100vw, 563px\" \/><\/a><\/li><\/ul><\/div><div class=\"recent-posts-content\"><span class=\"vcard\" style=\"display: none;\"><span class=\"fn\"><a href=\"https:\/\/vincentdepaulath.eu\/index.php\/author\/admin1\/\" title=\"Posts by admin1\" rel=\"author\">admin1<\/a><\/span><\/span><span class=\"updated\" style=\"display:none;\">2025-01-09T21:37:38+01:00<\/span><h4 class=\"entry-title\"><a href=\"https:\/\/vincentdepaulath.eu\/index.php\/2025\/01\/09\/operation-noel-merci\/\">&#8220;Op\u00e9ration No\u00ebl&#8221; &#8211; MERCI<\/a><\/h4><p class=\"meta\"><span class=\"vcard\" style=\"display: none;\"><span class=\"fn\"><a href=\"https:\/\/vincentdepaulath.eu\/index.php\/author\/admin1\/\" title=\"Posts by admin1\" rel=\"author\">admin1<\/a><\/span><\/span><span class=\"updated\" style=\"display:none;\">2025-01-09T21:37:38+01:00<\/span><span>9 January, 2025<\/span><span class=\"fusion-inline-sep\">|<\/span><span class=\"fusion-comments\"><span>Comments Off<span class=\"screen-reader-text\"> on &#8220;Op\u00e9ration No\u00ebl&#8221; &#8211; MERCI<\/span><\/span><\/span><\/p><p>MERCI \u00e0 tous pour vos dons de vivres pendant le temps de No\u00ebl. Collecte de vivres non p\u00e9rissables. \u00ab\u00a0Tout le monde ne peut [...]<\/p><\/div><\/article><article class=\"post fusion-column column col col-lg-4 col-md-4 col-sm-4\"><div class=\"recent-posts-content\"><span class=\"vcard\" style=\"display: none;\"><span class=\"fn\"><a href=\"https:\/\/vincentdepaulath.eu\/index.php\/author\/admin1\/\" title=\"Posts by admin1\" rel=\"author\">admin1<\/a><\/span><\/span><span class=\"updated\" style=\"display:none;\">2024-11-20T21:42:52+01:00<\/span><h4 class=\"entry-title\"><a href=\"https:\/\/vincentdepaulath.eu\/index.php\/2024\/11\/15\/bonjour-tout-le-monde\/\">Bonjour tout le monde\u00a0!<\/a><\/h4><p class=\"meta\"><span class=\"vcard\" style=\"display: none;\"><span class=\"fn\"><a href=\"https:\/\/vincentdepaulath.eu\/index.php\/author\/admin1\/\" title=\"Posts by admin1\" rel=\"author\">admin1<\/a><\/span><\/span><span class=\"updated\" style=\"display:none;\">2024-11-20T21:42:52+01:00<\/span><span>15 November, 2024<\/span><span class=\"fusion-inline-sep\">|<\/span><span class=\"fusion-comments\"><span>Comments Off<span class=\"screen-reader-text\"> on Bonjour tout le monde\u00a0!<\/span><\/span><\/span><\/p><p>Notre site de Saint-Vincent de Paul, Ath-Brugelette-Chi\u00e8vres est en cours de reconstruction, les informations vont revenir bient\u00f4t. Merci pour votre patience.<\/p><\/div><\/article><\/section><\/div><div ><a class=\"fusion-button button-flat fusion-button-default-size button-default fusion-button-default button-1 fusion-button-default-span fusion-button-default-type\" target=\"_self\" href=\"https:\/\/www.vincentdepaulath.eu\"><span class=\"fusion-button-text awb-button__text awb-button__text--default\">Tous les articles &gt;<\/span><\/a><\/div><\/div><\/div><\/div><\/div><\/p>\n","protected":false},"excerpt":{"rendered":"","protected":false},"author":1,"featured_media":0,"parent":0,"menu_order":0,"comment_status":"closed","ping_status":"closed","template":"100-width.php","meta":{"footnotes":""},"class_list":["post-10","page","type-page","status-publish","hentry"],"_links":{"self":[{"href":"https:\/\/vincentdepaulath.eu\/index.php\/wp-json\/wp\/v2\/pages\/10","targetHints":{"allow":["GET"]}}],"collection":[{"href":"https:\/\/vincentdepaulath.eu\/index.php\/wp-json\/wp\/v2\/pages"}],"about":[{"href":"https:\/\/vincentdepaulath.eu\/index.php\/wp-json\/wp\/v2\/types\/page"}],"author":[{"embeddable":true,"href":"https:\/\/vincentdepaulath.eu\/index.php\/wp-json\/wp\/v2\/users\/1"}],"replies":[{"embeddable":true,"href":"https:\/\/vincentdepaulath.eu\/index.php\/wp-json\/wp\/v2\/comments?post=10"}],"version-history":[{"count":38,"href":"https:\/\/vincentdepaulath.eu\/index.php\/wp-json\/wp\/v2\/pages\/10\/revisions"}],"predecessor-version":[{"id":199,"href":"https:\/\/vincentdepaulath.eu\/index.php\/wp-json\/wp\/v2\/pages\/10\/revisions\/199"}],"wp:attachment":[{"href":"https:\/\/vincentdepaulath.eu\/index.php\/wp-json\/wp\/v2\/media?parent=10"}],"curies":[{"name":"wp","href":"https:\/\/api.w.org\/{rel}","templated":true}]}}